{"id":6,"date":"2024-11-07T11:05:46","date_gmt":"2024-11-07T11:05:46","guid":{"rendered":"https:\/\/slaegt.olesietam.dk\/?page_id=6"},"modified":"2024-11-19T14:16:53","modified_gmt":"2024-11-19T14:16:53","slug":"forsiden","status":"publish","type":"page","link":"https:\/\/slaegt.olesietam.dk\/","title":{"rendered":"Ole Sietams Sl\u00e6gt"},"content":{"rendered":"\n<div class=\"wp-block-group alignfull has-accent-background-color has-background has-global-padding is-layout-constrained wp-container-core-group-is-layout-669513ed wp-block-group-is-layout-constrained\" style=\"margin-top:0;margin-bottom:0;padding-top:var(--wp--preset--spacing--50);padding-right:var(--wp--preset--spacing--50);padding-bottom:var(--wp--preset--spacing--50);padding-left:var(--wp--preset--spacing--50)\">\n<div class=\"wp-block-columns alignwide is-layout-flex wp-container-core-columns-is-layout-1da03c2a wp-block-columns-is-layout-flex\">\n<div class=\"wp-block-column is-vertically-aligned-stretch is-layout-flow wp-block-column-is-layout-flow\" style=\"flex-basis:50%\">\n<div class=\"wp-block-group is-vertical is-content-justification-stretch is-layout-flex wp-container-core-group-is-layout-444d5ee8 wp-block-group-is-layout-flex\" style=\"min-height:100%\">\n<h2 class=\"wp-block-heading\">Velkommen til Ole Sietams hjemmeside. Her kan du finde oplysninger om sl\u00e6gterne Sietam, Sandgaard og Christensen<\/h2>\n\n\n\n<p><\/p>\n<\/div>\n<\/div>\n\n\n\n<div class=\"wp-block-column is-vertically-aligned-center is-layout-flow wp-block-column-is-layout-flow\" style=\"flex-basis:50%\">\n<figure class=\"wp-block-image size-large is-style-rounded is-style-rounded--1\"><img loading=\"lazy\" decoding=\"async\" width=\"808\" height=\"1024\" src=\"https:\/\/slaegt.olesietam.dk\/wp-content\/uploads\/2024\/11\/Bryllupsbillede-Aksel-og-laura-808x1024.jpg\" alt=\"Bryllupsbillede af mine for\u00e6ldre Aksel Christian Sietam Christensen og Laura Sandgaard\" class=\"wp-image-27\" style=\"aspect-ratio:3\/4;object-fit:cover\" srcset=\"https:\/\/slaegt.olesietam.dk\/wp-content\/uploads\/2024\/11\/Bryllupsbillede-Aksel-og-laura-808x1024.jpg 808w, https:\/\/slaegt.olesietam.dk\/wp-content\/uploads\/2024\/11\/Bryllupsbillede-Aksel-og-laura-237x300.jpg 237w, https:\/\/slaegt.olesietam.dk\/wp-content\/uploads\/2024\/11\/Bryllupsbillede-Aksel-og-laura-768x973.jpg 768w, https:\/\/slaegt.olesietam.dk\/wp-content\/uploads\/2024\/11\/Bryllupsbillede-Aksel-og-laura.jpg 979w\" sizes=\"auto, (max-width: 808px) 100vw, 808px\" \/><figcaption class=\"wp-element-caption\">Bryllupsbillede af mine for\u00e6ldre Aksel Christian Sietam Christensen og Laura Sandgaard<\/figcaption><\/figure>\n<\/div>\n<\/div>\n<\/div>\n\n\n\n<div class=\"wp-block-group alignfull has-base-background-color has-background is-nowrap is-layout-flex wp-container-core-group-is-layout-560e8266 wp-block-group-is-layout-flex\" style=\"margin-top:0;margin-bottom:0;padding-top:var(--wp--preset--spacing--50);padding-right:var(--wp--preset--spacing--50);padding-bottom:var(--wp--preset--spacing--50);padding-left:var(--wp--preset--spacing--50)\">\n<div class=\"wp-block-columns alignwide is-layout-flex wp-container-core-columns-is-layout-549b0c86 wp-block-columns-is-layout-flex\">\n<div class=\"wp-block-column has-global-padding is-content-justification-left is-layout-constrained wp-container-core-column-is-layout-4f15e8fe wp-block-column-is-layout-constrained\" style=\"flex-basis:40%\">\n<div class=\"wp-block-cover\"><span aria-hidden=\"true\" class=\"wp-block-cover__background has-background-dim\"><\/span><img loading=\"lazy\" decoding=\"async\" width=\"729\" height=\"1024\" class=\"wp-block-cover__image-background wp-image-28\" alt=\"\" src=\"https:\/\/slaegt.olesietam.dk\/wp-content\/uploads\/2024\/11\/Ole-som-Oldefar-729x1024.jpg\" data-object-fit=\"cover\" srcset=\"https:\/\/slaegt.olesietam.dk\/wp-content\/uploads\/2024\/11\/Ole-som-Oldefar-729x1024.jpg 729w, https:\/\/slaegt.olesietam.dk\/wp-content\/uploads\/2024\/11\/Ole-som-Oldefar-214x300.jpg 214w, https:\/\/slaegt.olesietam.dk\/wp-content\/uploads\/2024\/11\/Ole-som-Oldefar-768x1079.jpg 768w, https:\/\/slaegt.olesietam.dk\/wp-content\/uploads\/2024\/11\/Ole-som-Oldefar-1093x1536.jpg 1093w, https:\/\/slaegt.olesietam.dk\/wp-content\/uploads\/2024\/11\/Ole-som-Oldefar-1458x2048.jpg 1458w, https:\/\/slaegt.olesietam.dk\/wp-content\/uploads\/2024\/11\/Ole-som-Oldefar-scaled.jpg 1822w\" sizes=\"auto, (max-width: 729px) 100vw, 729px\" \/><div class=\"wp-block-cover__inner-container is-layout-flow wp-block-cover-is-layout-flow\">\n<p class=\"has-text-align-center has-large-font-size\"><\/p>\n<\/div><\/div>\n\n\n\n<h2 class=\"wp-block-heading\">Ole Sietam<\/h2>\n\n\n\n<p><\/p>\n<\/div>\n\n\n\n<div class=\"wp-block-column is-layout-flow wp-container-core-column-is-layout-119bc444 wp-block-column-is-layout-flow\" style=\"flex-basis:60%\">\n<div class=\"wp-block-columns is-layout-flex wp-container-core-columns-is-layout-87beb0d0 wp-block-columns-is-layout-flex\">\n<div class=\"wp-block-column is-layout-flow wp-block-column-is-layout-flow\">\n<p class=\"wp-container-content-9cfa9a5a\"><\/p>\n\n\n\n<p>Gennem de sidste 11 \u00e5r har jeg arbejdet med sl\u00e6gtsforskning. Det startede med interessen for mit efternavn Sietam. Hvor stammede det navn fra? Senere blev jeg medlem af Sl\u00e6gtshistorisk forening for Viborg og omegn og derefter Danske Sl\u00e6gtsforskere.<\/p>\n\n\n\n<p>I 2018 genfandt jeg over 1000 breve, sendt mellem mine oldefor\u00e6ldre Mikkeline Christensen f. Olsen og Anders Christen Christensen ogs\u00e5 kald &#8220;Hydra&#8221; Christensen. Breve som jeg arbejdede med at transkribere i 3 \u00e5r og i samarbejde med Marstal s\u00f8fartsmuseum udkom bogen &#8220;\u00c6gteskab p\u00e5 sejlskibsk\u00e5r i maj 2023.  Sl\u00e6gtsforskning er et detektiv arbejde, s\u00f8gen efter fakta, billeder, ejendoms oplysninger, skifter, historier i aviser m.m.                                                                        Et arbejde der er blevet meget lettere med de digitale medier, hvor kirkeb\u00f8ger, folket\u00e6llinger og meget mere kan tilg\u00e5es digitalt. Nu beh\u00f8ver man ikke side i dage p\u00e5 et arkiv og se i b\u00f8ger eller microfilm.<\/p>\n\n\n\n<p><\/p>\n\n\n\n<p><\/p>\n<\/div>\n<\/div>\n<\/div>\n<\/div>\n<\/div>\n\n\n\n<div class=\"wp-block-group alignfull has-accent-5-background-color has-background has-global-padding is-layout-constrained wp-container-core-group-is-layout-d89aad35 wp-block-group-is-layout-constrained\" style=\"margin-top:0;margin-bottom:0;padding-top:var(--wp--preset--spacing--50);padding-right:var(--wp--preset--spacing--50);padding-bottom:var(--wp--preset--spacing--50);padding-left:var(--wp--preset--spacing--50)\">\n<div class=\"wp-block-columns alignwide is-layout-flex wp-container-core-columns-is-layout-1da03c2a wp-block-columns-is-layout-flex\">\n<div class=\"wp-block-column is-vertically-aligned-center is-layout-flow wp-block-column-is-layout-flow\" style=\"flex-basis:60%\">\n<div class=\"wp-block-media-text is-stacked-on-mobile is-style-rounded\"><figure class=\"wp-block-media-text__media\"><img loading=\"lazy\" decoding=\"async\" width=\"2458\" height=\"1979\" src=\"https:\/\/slaegt.olesietam.dk\/wp-content\/uploads\/2024\/11\/Hydra-kineserbillede-Marstal-museum-2-1.jpg\" alt=\"\" class=\"wp-image-34 size-full\" srcset=\"https:\/\/slaegt.olesietam.dk\/wp-content\/uploads\/2024\/11\/Hydra-kineserbillede-Marstal-museum-2-1.jpg 2458w, https:\/\/slaegt.olesietam.dk\/wp-content\/uploads\/2024\/11\/Hydra-kineserbillede-Marstal-museum-2-1-300x242.jpg 300w, https:\/\/slaegt.olesietam.dk\/wp-content\/uploads\/2024\/11\/Hydra-kineserbillede-Marstal-museum-2-1-1024x824.jpg 1024w, https:\/\/slaegt.olesietam.dk\/wp-content\/uploads\/2024\/11\/Hydra-kineserbillede-Marstal-museum-2-1-768x618.jpg 768w, https:\/\/slaegt.olesietam.dk\/wp-content\/uploads\/2024\/11\/Hydra-kineserbillede-Marstal-museum-2-1-1536x1237.jpg 1536w, https:\/\/slaegt.olesietam.dk\/wp-content\/uploads\/2024\/11\/Hydra-kineserbillede-Marstal-museum-2-1-2048x1649.jpg 2048w\" sizes=\"auto, (max-width: 2458px) 100vw, 2458px\" \/><\/figure><div class=\"wp-block-media-text__content\">\n<p>Min oldefar Anders Christen Christensen skib &#8220;Hydra&#8221; af Sk\u00e6lsk\u00f8r. Han var partsejer sammen med Harboe familien (Bryggeriet)<\/p>\n<\/div><\/div>\n<\/div>\n\n\n\n<div class=\"wp-block-column is-layout-flow wp-block-column-is-layout-flow\" style=\"flex-basis:40%\">\n<div class=\"wp-block-buttons is-layout-flex wp-block-buttons-is-layout-flex\"><\/div>\n<\/div>\n<\/div>\n<\/div>\n\n\n\n<div class=\"wp-block-group alignfull has-global-padding is-layout-constrained wp-container-core-group-is-layout-669513ed wp-block-group-is-layout-constrained\" style=\"margin-top:0;margin-bottom:0;padding-top:var(--wp--preset--spacing--50);padding-right:var(--wp--preset--spacing--50);padding-bottom:var(--wp--preset--spacing--50);padding-left:var(--wp--preset--spacing--50)\">\n<div style=\"height:var(--wp--preset--spacing--30)\" aria-hidden=\"true\" class=\"wp-block-spacer\"><\/div>\n\n\n\n<div class=\"wp-block-columns alignwide is-layout-flex wp-container-core-columns-is-layout-4935966c wp-block-columns-is-layout-flex\" style=\"padding-right:0;padding-left:0\">\n<div class=\"wp-block-column is-layout-flow wp-block-column-is-layout-flow\">\n<figure class=\"wp-block-gallery aligncenter has-nested-images columns-default is-cropped wp-block-gallery-3 is-layout-flex wp-block-gallery-is-layout-flex\">\n<figure class=\"wp-block-image size-full is-style-rounded is-style-rounded--2\"><img loading=\"lazy\" decoding=\"async\" width=\"1842\" height=\"2560\" data-id=\"39\" src=\"https:\/\/slaegt.olesietam.dk\/wp-content\/uploads\/2024\/11\/A.C.C-og-Mikkeline-foto-scaled.jpg\" alt=\"\" class=\"wp-image-39\" style=\"aspect-ratio:1;object-fit:cover\" srcset=\"https:\/\/slaegt.olesietam.dk\/wp-content\/uploads\/2024\/11\/A.C.C-og-Mikkeline-foto-scaled.jpg 1842w, https:\/\/slaegt.olesietam.dk\/wp-content\/uploads\/2024\/11\/A.C.C-og-Mikkeline-foto-216x300.jpg 216w, https:\/\/slaegt.olesietam.dk\/wp-content\/uploads\/2024\/11\/A.C.C-og-Mikkeline-foto-737x1024.jpg 737w, https:\/\/slaegt.olesietam.dk\/wp-content\/uploads\/2024\/11\/A.C.C-og-Mikkeline-foto-768x1067.jpg 768w, https:\/\/slaegt.olesietam.dk\/wp-content\/uploads\/2024\/11\/A.C.C-og-Mikkeline-foto-1105x1536.jpg 1105w, https:\/\/slaegt.olesietam.dk\/wp-content\/uploads\/2024\/11\/A.C.C-og-Mikkeline-foto-1473x2048.jpg 1473w\" sizes=\"auto, (max-width: 1842px) 100vw, 1842px\" \/><\/figure>\n<\/figure>\n\n\n\n<div class=\"wp-block-group is-vertical is-content-justification-center is-nowrap is-layout-flex wp-container-core-group-is-layout-21d4e958 wp-block-group-is-layout-flex\">\n<p class=\"has-small-font-size\"><br>\t\tMine oldefor\u00e6ldre Anders Chrisren Christensen og Mikkeline Olsen<\/p>\n<\/div>\n<\/div>\n\n\n\n<div class=\"wp-block-column is-layout-flow wp-block-column-is-layout-flow\">\n<figure class=\"wp-block-gallery has-nested-images columns-default is-cropped wp-block-gallery-5 is-layout-flex wp-block-gallery-is-layout-flex\">\n<figure class=\"wp-block-image size-full is-style-rounded is-style-rounded--4\"><img loading=\"lazy\" decoding=\"async\" width=\"2188\" height=\"1429\" data-id=\"40\" src=\"https:\/\/slaegt.olesietam.dk\/wp-content\/uploads\/2024\/11\/B0018336.jpg\" alt=\"\" class=\"wp-image-40\" style=\"aspect-ratio:1;object-fit:cover\" srcset=\"https:\/\/slaegt.olesietam.dk\/wp-content\/uploads\/2024\/11\/B0018336.jpg 2188w, https:\/\/slaegt.olesietam.dk\/wp-content\/uploads\/2024\/11\/B0018336-300x196.jpg 300w, https:\/\/slaegt.olesietam.dk\/wp-content\/uploads\/2024\/11\/B0018336-1024x669.jpg 1024w, https:\/\/slaegt.olesietam.dk\/wp-content\/uploads\/2024\/11\/B0018336-768x502.jpg 768w, https:\/\/slaegt.olesietam.dk\/wp-content\/uploads\/2024\/11\/B0018336-1536x1003.jpg 1536w, https:\/\/slaegt.olesietam.dk\/wp-content\/uploads\/2024\/11\/B0018336-2048x1338.jpg 2048w\" sizes=\"auto, (max-width: 2188px) 100vw, 2188px\" \/><\/figure>\n<\/figure>\n\n\n\n<div class=\"wp-block-group is-vertical is-content-justification-center is-nowrap is-layout-flex wp-container-core-group-is-layout-63bfd6c1 wp-block-group-is-layout-flex\">\n<p class=\"has-text-align-center has-small-font-size\">Min morfar Svend Sandgaard og mormor Asta Jensen. Bagerst tv. min mor Laura, i midten Signe og th. Anna Sandgaard<\/p>\n<\/div>\n<\/div>\n\n\n\n<div class=\"wp-block-column is-layout-flow wp-block-column-is-layout-flow\">\n<figure class=\"wp-block-gallery has-nested-images columns-default is-cropped wp-block-gallery-7 is-layout-flex wp-block-gallery-is-layout-flex\">\n<figure class=\"wp-block-image size-full is-style-rounded is-style-rounded--6\"><img loading=\"lazy\" decoding=\"async\" width=\"1352\" height=\"2098\" data-id=\"43\" src=\"https:\/\/slaegt.olesietam.dk\/wp-content\/uploads\/2024\/11\/Rudolf-Christian-Sietam-KOPI-1.jpg\" alt=\"\" class=\"wp-image-43\" style=\"aspect-ratio:1;object-fit:cover\" srcset=\"https:\/\/slaegt.olesietam.dk\/wp-content\/uploads\/2024\/11\/Rudolf-Christian-Sietam-KOPI-1.jpg 1352w, https:\/\/slaegt.olesietam.dk\/wp-content\/uploads\/2024\/11\/Rudolf-Christian-Sietam-KOPI-1-193x300.jpg 193w, https:\/\/slaegt.olesietam.dk\/wp-content\/uploads\/2024\/11\/Rudolf-Christian-Sietam-KOPI-1-660x1024.jpg 660w, https:\/\/slaegt.olesietam.dk\/wp-content\/uploads\/2024\/11\/Rudolf-Christian-Sietam-KOPI-1-768x1192.jpg 768w, https:\/\/slaegt.olesietam.dk\/wp-content\/uploads\/2024\/11\/Rudolf-Christian-Sietam-KOPI-1-990x1536.jpg 990w, https:\/\/slaegt.olesietam.dk\/wp-content\/uploads\/2024\/11\/Rudolf-Christian-Sietam-KOPI-1-1320x2048.jpg 1320w\" sizes=\"auto, (max-width: 1352px) 100vw, 1352px\" \/><\/figure>\n<\/figure>\n\n\n\n<div class=\"wp-block-group is-vertical is-content-justification-center is-nowrap is-layout-flex wp-container-core-group-is-layout-21d4e958 wp-block-group-is-layout-flex\">\n<p class=\"has-text-align-center has-small-font-size\"><br>Min Tipoldefar Rudolf Christian Sietam, der kom til Nyk\u00f8bing Mors fra Berlin<\/p>\n<\/div>\n<\/div>\n<\/div>\n\n\n\n<figure class=\"wp-block-image size-large\"><img loading=\"lazy\" decoding=\"async\" width=\"652\" height=\"1024\" src=\"https:\/\/slaegt.olesietam.dk\/wp-content\/uploads\/2024\/11\/Laura-Regitze-Sietam-som-aeldre-652x1024.jpg\" alt=\"\" class=\"wp-image-19\" srcset=\"https:\/\/slaegt.olesietam.dk\/wp-content\/uploads\/2024\/11\/Laura-Regitze-Sietam-som-aeldre-652x1024.jpg 652w, https:\/\/slaegt.olesietam.dk\/wp-content\/uploads\/2024\/11\/Laura-Regitze-Sietam-som-aeldre-191x300.jpg 191w, https:\/\/slaegt.olesietam.dk\/wp-content\/uploads\/2024\/11\/Laura-Regitze-Sietam-som-aeldre-768x1207.jpg 768w, https:\/\/slaegt.olesietam.dk\/wp-content\/uploads\/2024\/11\/Laura-Regitze-Sietam-som-aeldre-977x1536.jpg 977w, https:\/\/slaegt.olesietam.dk\/wp-content\/uploads\/2024\/11\/Laura-Regitze-Sietam-som-aeldre-1303x2048.jpg 1303w, https:\/\/slaegt.olesietam.dk\/wp-content\/uploads\/2024\/11\/Laura-Regitze-Sietam-som-aeldre-rotated.jpg 1478w\" sizes=\"auto, (max-width: 652px) 100vw, 652px\" \/><\/figure>\n\n\n\n<h5 class=\"wp-block-heading\">Min tipoldemor Laura Regine Brandt, gift med Rudolf Christian Sietam<\/h5>\n<\/div>\n\n\n\n<div class=\"wp-block-group alignfull has-global-padding is-layout-constrained wp-container-core-group-is-layout-d89aad35 wp-block-group-is-layout-constrained\" style=\"margin-top:0;margin-bottom:0;padding-top:var(--wp--preset--spacing--50);padding-right:var(--wp--preset--spacing--50);padding-bottom:var(--wp--preset--spacing--50);padding-left:var(--wp--preset--spacing--50)\">\n<div class=\"wp-block-group alignwide has-base-2-background-color has-background is-layout-flow wp-block-group-is-layout-flow\" style=\"border-radius:16px;padding-top:var(--wp--preset--spacing--50);padding-right:var(--wp--preset--spacing--50);padding-bottom:var(--wp--preset--spacing--50);padding-left:var(--wp--preset--spacing--50)\">\n<p class=\"has-text-align-center\"><\/p>\n\n\n\n<div style=\"height:var(--wp--preset--spacing--10)\" aria-hidden=\"true\" class=\"wp-block-spacer\"><\/div>\n\n\n\n<div class=\"wp-block-group alignwide is-content-justification-center is-layout-flex wp-container-core-group-is-layout-f95ffa09 wp-block-group-is-layout-flex\" style=\"padding-top:0;padding-right:0;padding-bottom:0;padding-left:0\">\n<p>Min fars Sl\u00e6gt<\/p>\n\n\n\n<p>Ane 1: <strong>Aksel Christian Sietam Christensen<\/strong>.<\/p>\n\n\n\n<p>F. 2 August 1927, Strekweg 3, Hillegersberg, Rottedam, Holland.<\/p>\n\n\n\n<p>F\u00f8dt af danske for\u00e6ldre, der flyttede til Rotterdam ca. 1924, hvor faren fik job som skibs befragter.<\/p>\n<\/div>\n\n\n\n<figure class=\"wp-block-image size-large is-resized\"><img loading=\"lazy\" decoding=\"async\" width=\"1024\" height=\"794\" src=\"https:\/\/slaegt.olesietam.dk\/wp-content\/uploads\/2024\/11\/image-1024x794.png\" alt=\"\" class=\"wp-image-52\" style=\"width:511px;height:auto\" srcset=\"https:\/\/slaegt.olesietam.dk\/wp-content\/uploads\/2024\/11\/image-1024x794.png 1024w, https:\/\/slaegt.olesietam.dk\/wp-content\/uploads\/2024\/11\/image-300x233.png 300w, https:\/\/slaegt.olesietam.dk\/wp-content\/uploads\/2024\/11\/image-768x595.png 768w, https:\/\/slaegt.olesietam.dk\/wp-content\/uploads\/2024\/11\/image.png 1147w\" sizes=\"auto, (max-width: 1024px) 100vw, 1024px\" \/><\/figure>\n\n\n\n<div class=\"wp-block-group alignwide is-content-justification-center is-layout-flex wp-container-core-group-is-layout-f95ffa09 wp-block-group-is-layout-flex\" style=\"padding-top:0;padding-right:0;padding-bottom:0;padding-left:0\">\n<p>B\u00f8rnene i Rotterdam. Bagerst Erik Michael. Forrest tv. Hans Ole, Eva og Aksel Christian<\/p>\n\n\n\n<p>Flyttede til \u00c5rhus Danmark efter 2 verdenskrig.<\/p>\n\n\n\n<p>Borgerligt viet 26 April 1952<\/p>\n\n\n\n<p>Boede i 1953 Majdalen 5 i \u00c5rhus, hvor jeg er f\u00f8dt.<\/p>\n\n\n\n<figure class=\"wp-block-image size-large is-resized\"><img loading=\"lazy\" decoding=\"async\" width=\"704\" height=\"1024\" src=\"https:\/\/slaegt.olesietam.dk\/wp-content\/uploads\/2024\/11\/image-1-704x1024.png\" alt=\"\" class=\"wp-image-53\" style=\"width:449px;height:auto\" srcset=\"https:\/\/slaegt.olesietam.dk\/wp-content\/uploads\/2024\/11\/image-1-704x1024.png 704w, https:\/\/slaegt.olesietam.dk\/wp-content\/uploads\/2024\/11\/image-1-206x300.png 206w, https:\/\/slaegt.olesietam.dk\/wp-content\/uploads\/2024\/11\/image-1-768x1116.png 768w, https:\/\/slaegt.olesietam.dk\/wp-content\/uploads\/2024\/11\/image-1-1057x1536.png 1057w, https:\/\/slaegt.olesietam.dk\/wp-content\/uploads\/2024\/11\/image-1-1409x2048.png 1409w, https:\/\/slaegt.olesietam.dk\/wp-content\/uploads\/2024\/11\/image-1.png 1479w\" sizes=\"auto, (max-width: 704px) 100vw, 704px\" \/><\/figure>\n\n\n\n<p>Ansat i Lyre reklamebureau i \u00c5rhus.<\/p>\n\n\n\n<p>Flyttede i 1954 til Stenmarken 72 i S\u00f8borg og fik arbejde i Lyres reklamebureau i K\u00f8benhavn (Borgergade) L\u00e6ste HD om aftenen og blev uddannet Prokurist.<\/p>\n\n\n\n<p>Startede i slutninger af 60erne eget Reklamebureau Sietam og Lundh\u00f8j sammen med Bob Lundh\u00f8j, tekstforfatteren Birgitte Drechsel og Tegneren Ole Martensen. Laura Sietam og Annie Lundh\u00f8j var ogs\u00e5 ansatte i firmaet. Firmaet havde adresse centralt i Kbh, Jernbanegade 6A.<\/p>\n\n\n\n<p>Efter en \u00e5rr\u00e6kke blev bureauet solgt til Aller koncernen, hvor Aksel arbejdede nogle \u00e5r.<\/p>\n\n\n\n<p>I 1963 k\u00f8bte Aksel og Laura \u201dsommerhus\u201d i B\u00f8sserup i Odsherred. \u201dKastanieg\u00e5rden var en gammel str\u00e5t\u00e6kt nedlagt bondeg\u00e5rd, der blev bygget om med gode venner hj\u00e6lp.<\/p>\n\n\n\n<p>Senere i 70 erne blev det solgt og \u201dBakkedal\u201d der l\u00e5 lige i n\u00e6rheden blev k\u00f8bt p\u00e5 Tvangsauktion. En nedlagt g\u00e5rd med 4 tdl. Ogs\u00e5 her blev bygget om med venners hj\u00e6lp.<\/p>\n\n\n\n<p>I 1970 k\u00f8bte mine for\u00e6ldre hus i Lejre stationsby \u201dBellevue\u201d. De faldt dog aldrig ti der ogs\u00e5 flyttede 2 \u00e5r snere til det f\u00f8r omtalte \u201dBakkedal\u201d i Odsherred.<\/p>\n\n\n\n<p>Aksel var tr\u00e6t af at arbejde for Aller koncernen og mine for\u00e6ldre startede et firma med brugskunst. Keramik, glas, pynteting m.m. Dre blev lavet kontor i boligen og de lejede staldene p\u00e5 en g\u00e5rd til lager.<\/p>\n\n\n\n<figure class=\"wp-block-image size-large is-resized\"><img loading=\"lazy\" decoding=\"async\" width=\"1024\" height=\"680\" src=\"https:\/\/slaegt.olesietam.dk\/wp-content\/uploads\/2024\/11\/image-2-1024x680.png\" alt=\"\" class=\"wp-image-54\" style=\"width:557px;height:auto\" srcset=\"https:\/\/slaegt.olesietam.dk\/wp-content\/uploads\/2024\/11\/image-2-1024x680.png 1024w, https:\/\/slaegt.olesietam.dk\/wp-content\/uploads\/2024\/11\/image-2-300x199.png 300w, https:\/\/slaegt.olesietam.dk\/wp-content\/uploads\/2024\/11\/image-2-768x510.png 768w, https:\/\/slaegt.olesietam.dk\/wp-content\/uploads\/2024\/11\/image-2.png 1440w\" sizes=\"auto, (max-width: 1024px) 100vw, 1024px\" \/><\/figure>\n\n\n\n<p><\/p>\n\n\n\n<p>Billede af \u201dBakkedal\u201d i Ledstrup, Odsherred. Ca. 1973<\/p>\n\n\n\n<p>Pladsen blev dog efter nogle \u00e5r for trang, og de k\u00f8bte den lukkede H\u00f8jby foderstof forretning, med plads til kontor, showroom, forretning og lager.<\/p>\n\n\n\n<figure class=\"wp-block-image size-large is-resized\"><img loading=\"lazy\" decoding=\"async\" width=\"1024\" height=\"626\" src=\"https:\/\/slaegt.olesietam.dk\/wp-content\/uploads\/2024\/11\/image-3-1024x626.png\" alt=\"\" class=\"wp-image-55\" style=\"width:589px;height:auto\" srcset=\"https:\/\/slaegt.olesietam.dk\/wp-content\/uploads\/2024\/11\/image-3-1024x626.png 1024w, https:\/\/slaegt.olesietam.dk\/wp-content\/uploads\/2024\/11\/image-3-300x183.png 300w, https:\/\/slaegt.olesietam.dk\/wp-content\/uploads\/2024\/11\/image-3-768x470.png 768w, https:\/\/slaegt.olesietam.dk\/wp-content\/uploads\/2024\/11\/image-3-1536x939.png 1536w, https:\/\/slaegt.olesietam.dk\/wp-content\/uploads\/2024\/11\/image-3.png 1544w\" sizes=\"auto, (max-width: 1024px) 100vw, 1024px\" \/><\/figure>\n\n\n\n<p><\/p>\n\n\n\n<p><\/p>\n\n\n\n<p>De solgt Bakkedal og k\u00f8bte Gr\u00f8nnehaveg\u00e5rd i Nyk\u00f8bing Sj.<\/p>\n\n\n\n\n\n\n\n\n\n\n<\/div>\n<\/div>\n<\/div>\n\n\n\n<div class=\"wp-block-group alignfull has-base-color has-contrast-background-color has-text-color has-background has-link-color wp-elements-6f2e89b45babaf3756f36e993e536afd has-global-padding is-layout-constrained wp-container-core-group-is-layout-d89aad35 wp-block-group-is-layout-constrained\" style=\"margin-top:0;margin-bottom:0;padding-top:var(--wp--preset--spacing--50);padding-right:var(--wp--preset--spacing--50);padding-bottom:var(--wp--preset--spacing--50);padding-left:var(--wp--preset--spacing--50)\">\n<div class=\"wp-block-group alignwide is-layout-flow wp-block-group-is-layout-flow\">\n<hr class=\"wp-block-separator has-text-color has-base-color has-alpha-channel-opacity has-base-background-color has-background is-style-wide\" style=\"margin-top:var(--wp--preset--spacing--30);margin-bottom:var(--wp--preset--spacing--30)\"\/>\n\n\n\n<hr class=\"wp-block-separator has-text-color has-base-color has-alpha-channel-opacity has-base-background-color has-background is-style-wide\" style=\"margin-top:var(--wp--preset--spacing--30);margin-bottom:var(--wp--preset--spacing--30)\"\/>\n\n\n\n<hr class=\"wp-block-separator has-text-color has-base-color has-alpha-channel-opacity has-base-background-color has-background is-style-wide\" style=\"margin-top:var(--wp--preset--spacing--30);margin-bottom:var(--wp--preset--spacing--30)\"\/>\n\n\n\n<div style=\"margin-top:var(--wp--preset--spacing--10);margin-bottom:0;height:var(--wp--preset--spacing--10)\" aria-hidden=\"true\" class=\"wp-block-spacer\"><\/div>\n<\/div>\n<\/div>\n\n\n\n<div class=\"wp-block-group alignfull has-global-padding is-layout-constrained wp-container-core-group-is-layout-d89aad35 wp-block-group-is-layout-constrained\" style=\"margin-top:0;margin-bottom:0;padding-top:var(--wp--preset--spacing--50);padding-right:var(--wp--preset--spacing--50);padding-bottom:var(--wp--preset--spacing--50);padding-left:var(--wp--preset--spacing--50)\">\n<div class=\"wp-block-columns alignwide are-vertically-aligned-center is-layout-flex wp-container-core-columns-is-layout-47c06fe3 wp-block-columns-is-layout-flex\">\n<div class=\"wp-block-column is-vertically-aligned-center is-layout-flow wp-block-column-is-layout-flow\" style=\"flex-basis:50%\">\n<h2 class=\"wp-block-heading\">Enhance your architectural journey with the \u00c9tudes Architect app.<\/h2>\n\n\n\n<ul style=\"line-height:1.75\" class=\"wp-block-list is-style-checkmark-list\">\n<li>Collaborate with fellow architects.<\/li>\n\n\n\n<li>Showcase your projects.<\/li>\n\n\n\n<li>Experience the world of architecture.<\/li>\n<\/ul>\n\n\n\n<div class=\"wp-block-buttons is-layout-flex wp-block-buttons-is-layout-flex\">\n<div class=\"wp-block-button\"><a class=\"wp-block-button__link wp-element-button\">Download app<\/a><\/div>\n\n\n\n<div class=\"wp-block-button is-style-outline is-style-outline--8\"><a class=\"wp-block-button__link wp-element-button\">How it works<\/a><\/div>\n<\/div>\n<\/div>\n\n\n\n<div class=\"wp-block-column is-vertically-aligned-center is-layout-flow wp-block-column-is-layout-flow\" style=\"flex-basis:50%\">\n<figure class=\"wp-block-image size-full is-style-rounded is-style-rounded--9\"><img decoding=\"async\" src=\"https:\/\/slaegt.olesietam.dk\/wp-content\/themes\/twentytwentyfour\/assets\/images\/abstract-geometric-art.webp\" alt=\"White abstract geometric artwork from Dresden, Germany\" style=\"aspect-ratio:4\/3;object-fit:cover\"\/><\/figure>\n<\/div>\n<\/div>\n<\/div>\n","protected":false},"excerpt":{"rendered":"<p>Velkommen til Ole Sietams hjemmeside. Her kan du finde oplysninger om sl\u00e6gterne Sietam, Sandgaard og Christensen Ole Sietam Gennem de sidste 11 \u00e5r har jeg arbejdet med sl\u00e6gtsforskning. Det startede med interessen for mit efternavn Sietam. Hvor stammede det navn fra? Senere blev jeg medlem af Sl\u00e6gtshistorisk forening for Viborg og omegn og derefter Danske [&hellip;]<\/p>\n","protected":false},"author":1,"featured_media":0,"parent":0,"menu_order":0,"comment_status":"closed","ping_status":"closed","template":"","meta":{"footnotes":""},"class_list":["post-6","page","type-page","status-publish","hentry"],"_links":{"self":[{"href":"https:\/\/slaegt.olesietam.dk\/index.php\/wp-json\/wp\/v2\/pages\/6","targetHints":{"allow":["GET"]}}],"collection":[{"href":"https:\/\/slaegt.olesietam.dk\/index.php\/wp-json\/wp\/v2\/pages"}],"about":[{"href":"https:\/\/slaegt.olesietam.dk\/index.php\/wp-json\/wp\/v2\/types\/page"}],"author":[{"embeddable":true,"href":"https:\/\/slaegt.olesietam.dk\/index.php\/wp-json\/wp\/v2\/users\/1"}],"replies":[{"embeddable":true,"href":"https:\/\/slaegt.olesietam.dk\/index.php\/wp-json\/wp\/v2\/comments?post=6"}],"version-history":[{"count":14,"href":"https:\/\/slaegt.olesietam.dk\/index.php\/wp-json\/wp\/v2\/pages\/6\/revisions"}],"predecessor-version":[{"id":56,"href":"https:\/\/slaegt.olesietam.dk\/index.php\/wp-json\/wp\/v2\/pages\/6\/revisions\/56"}],"wp:attachment":[{"href":"https:\/\/slaegt.olesietam.dk\/index.php\/wp-json\/wp\/v2\/media?parent=6"}],"curies":[{"name":"wp","href":"https:\/\/api.w.org\/{rel}","templated":true}]}}